{"id":354,"date":"2023-09-05T23:08:26","date_gmt":"2023-09-05T23:08:26","guid":{"rendered":"https:\/\/h2h-foundation.al\/partners-donors\/"},"modified":"2023-09-05T23:08:26","modified_gmt":"2023-09-05T23:08:26","slug":"partners-donors","status":"publish","type":"page","link":"https:\/\/h2h-foundation.al\/en\/partners-donors\/","title":{"rendered":"PARTNERS &amp; DONORS"},"content":{"rendered":"<script>\r\n\t\tjQuery(function() {\r\n\t\t\tsetTimeout(function(){\r\n\t\t\t\t\tjQuery(\"#logosshowcase_2\").logogridshowcase({columWidth:300,\r\n\t\t\t\tgutter:25,\r\n\t\t\t\tmargin_left:25,\r\n\t\t\t\tmargin_right:25,\r\n\t\t\t\tmargin_top:10,\r\n\t\t\t\tresponsive:true,\r\n\t\t\t\tresponsiveRelativeToBrowser:false,\r\n\t\t\t\twidth100Proc:false,\r\n\t\t\t\theight100Proc:false,\r\n\t\t\t\ttarget:\"_blank\",\r\n\t\t\t\tgrayscale:false,\r\n\t\t\t\tshowTooltip:true,\r\n\t\t\t\tabsUrl:\"https:\/\/h2h-foundation.al\/wp-content\/plugins\/lbg_logoshowcase\/grid\/\",\r\n\t\t\t\tborder:0,\r\n\t\t\t\tborderColorOFF:\"transparent\",\r\n\t\t\t\tborderColorON:\"#FF0000\"});\r\n\t\t\t}, 800 );\r\n\t\t});\r\n\t<\/script>\r\n            <div id=\"logosshowcase_2\"><ul class=\"logs_list\"><li data-link=\"https:\/\/www.h2h.al\/\" data-target=\"_blank\" ><img loading=\"lazy\" decoding=\"async\" src=\"http:\/\/dodo.al\/webs\/h2h\/wp-content\/uploads\/2023\/09\/h2hal.jpg\" width=\"300\" height=\"200\" alt=\"H2H Solutions\"  title=\"H2H Solutions\" \/><\/li><li data-link=\"https:\/\/rtsh.al\/\" data-target=\"_blank\" ><img loading=\"lazy\" decoding=\"async\" src=\"http:\/\/dodo.al\/webs\/h2h\/wp-content\/uploads\/2023\/09\/rtsh.jpg\" width=\"300\" height=\"200\" alt=\"RTSH\"  title=\"RTSH\" \/><\/li><li data-link=\"https:\/\/openrivers.eu\/\" data-target=\"_blank\" ><img loading=\"lazy\" decoding=\"async\" src=\"http:\/\/dodo.al\/webs\/h2h\/wp-content\/uploads\/2023\/09\/openriver.jpg\" width=\"300\" height=\"200\" alt=\"Open Rivers\"  title=\"Open Rivers\" \/><\/li><li data-link=\"http:\/\/www.artkontakt.al\/\" data-target=\"_blank\" ><img loading=\"lazy\" decoding=\"async\" src=\"http:\/\/dodo.al\/webs\/h2h\/wp-content\/uploads\/2023\/09\/artkontakt.jpg\" width=\"300\" height=\"200\" alt=\"ArtKontakt\"  title=\"ArtKontakt\" \/><\/li><li data-link=\"https:\/\/www.co-plan.org\/\" data-target=\"_blank\" ><img loading=\"lazy\" decoding=\"async\" src=\"http:\/\/dodo.al\/webs\/h2h\/wp-content\/uploads\/2023\/09\/Coplamn.jpg\" width=\"300\" height=\"200\" alt=\"Co-PLAN Instituti per Zhvillimin e Habitatit\"  title=\"Co-PLAN Instituti per Zhvillimin e Habitatit\" \/><\/li><li data-link=\"https:\/\/albcold.gov.al\/\" data-target=\"_blank\" ><img loading=\"lazy\" decoding=\"async\" src=\"http:\/\/dodo.al\/webs\/h2h\/wp-content\/uploads\/2023\/09\/kkdm.jpg\" width=\"300\" height=\"200\" alt=\"KKDM \u2013 Komiteti Komb\u00ebtar i Digave t\u00eb M\u00ebdha\"  title=\"KKDM \u2013 Komiteti Komb\u00ebtar i Digave t\u00eb M\u00ebdha\" \/><\/li><li data-link=\"https:\/\/www.co-plan.org\/en\/fuqizimi-i-organizatave-te-shoqerise-civile-per-mbrojtjen-e-mjedisit-ne-shqiperi\/\" data-target=\"_blank\" ><img loading=\"lazy\" decoding=\"async\" src=\"http:\/\/dodo.al\/webs\/h2h\/wp-content\/uploads\/2023\/09\/green.jpg\" width=\"300\" height=\"200\" alt=\"Green-AL\"  title=\"Green-AL\" \/><\/li><li data-link=\"https:\/\/www.ubt.edu.al\/\" data-target=\"_blank\" ><img loading=\"lazy\" decoding=\"async\" src=\"http:\/\/dodo.al\/webs\/h2h\/wp-content\/uploads\/2023\/09\/ubt.jpg\" width=\"300\" height=\"200\" alt=\"UBT\"  title=\"UBT\" \/><\/li><li data-link=\"https:\/\/universitetipolis.edu.al\/en\/\" data-target=\"_blank\" ><img loading=\"lazy\" decoding=\"async\" src=\"http:\/\/dodo.al\/webs\/h2h\/wp-content\/uploads\/2023\/09\/polis-1.jpg\" width=\"300\" height=\"200\" alt=\"Universiteti Polis\"  title=\"Universiteti Polis\" \/><\/li><li data-link=\"https:\/\/www.bujqesia.gov.al\/\" data-target=\"_blank\" ><img loading=\"lazy\" decoding=\"async\" src=\"http:\/\/dodo.al\/webs\/h2h\/wp-content\/uploads\/2023\/09\/MinBujq.jpg\" width=\"300\" height=\"200\" alt=\"Ministria e Bujq\u00ebsise dhe Zhvillimit Rural\"  title=\"Ministria e Bujq\u00ebsise dhe Zhvillimit Rural\" \/><\/li><li data-link=\"https:\/\/idracompany.com\/\" data-target=\"_blank\" ><img loading=\"lazy\" decoding=\"async\" src=\"https:\/\/h2h-foundation.al\/wp-content\/uploads\/2024\/08\/Idra-Logo.png\" width=\"149\" height=\"50\" alt=\"IDRA RESEARCH & CONSULTING\"  title=\"IDRA RESEARCH & CONSULTING\" \/><\/li><li data-link=\"https:\/\/www.metlengroup.com\/\" data-target=\"_blank\" ><img loading=\"lazy\" decoding=\"async\" src=\"https:\/\/h2h-foundation.al\/wp-content\/uploads\/2024\/08\/Logo-Metlen-Group.png\" width=\"396\" height=\"127\" alt=\"Metlen Energy & Metals\"  title=\"Metlen Energy & Metals\" \/><\/li><li data-link=\"https:\/\/bashkiaroskovec.gov.al\/\" data-target=\"\" ><img loading=\"lazy\" decoding=\"async\" src=\"https:\/\/h2h-foundation.al\/wp-content\/uploads\/2024\/10\/Logo-1-Bashkia-Roskovec.png\" width=\"300\" height=\"280\" alt=\"Bashkia Roskovec\"  title=\"Bashkia Roskovec\" \/><\/li><li data-link=\"https:\/\/www.italy-albania-montenegro.eu\/\" data-target=\"\" ><img loading=\"lazy\" decoding=\"async\" src=\"https:\/\/h2h-foundation.al\/wp-content\/uploads\/2025\/07\/logo_southadriatic.png\" width=\"411\" height=\"93\" alt=\"Interreg IPA South Adriatic\"  title=\"Interreg IPA South Adriatic\" \/><\/li><li data-link=\"https:\/\/www.parks.it\/parco.dune.costiere\/Epar.php\" data-target=\"\" ><img loading=\"lazy\" decoding=\"async\" src=\"https:\/\/h2h-foundation.al\/wp-content\/uploads\/2025\/07\/dune-costiere.jpg\" width=\"387\" height=\"112\" alt=\"\"  title=\"\" \/><\/li><li data-link=\"https:\/\/www.danilovgrad.me\/en\/home\" data-target=\"\" ><img loading=\"lazy\" decoding=\"async\" src=\"https:\/\/h2h-foundation.al\/wp-content\/uploads\/2025\/07\/Danilovgrad_crest-200.png\" width=\"200\" height=\"247\" alt=\"Municipality of Danilovgrad\"  title=\"Municipality of Danilovgrad\" \/><\/li><li data-link=\"https:\/\/www.legambientemolise.eu\/\" data-target=\"\" ><img loading=\"lazy\" decoding=\"async\" src=\"https:\/\/h2h-foundation.al\/wp-content\/uploads\/2025\/07\/Legambiente_LOGO-VETTORIALE-e1752572267829.png\" width=\"131\" height=\"99\" alt=\"Legambiente Molise\"  title=\"Legambiente Molise\" \/><\/li><li data-link=\"https:\/\/greenal.al\/sq\/\" data-target=\"\" ><img loading=\"lazy\" decoding=\"async\" src=\"https:\/\/h2h-foundation.al\/wp-content\/uploads\/2025\/07\/LOGO-greenal-2024-12-scaled-e1752572534696.png\" width=\"560\" height=\"560\" alt=\"Green-AL \u201cMb\u00ebshtetja e Organizatave t\u00eb Shoq\u00ebris\u00eb Civile t\u00eb Mjedisit 2024 \u2013 2027\u201d\"  title=\"Green-AL \u201cMb\u00ebshtetja e Organizatave t\u00eb Shoq\u00ebris\u00eb Civile t\u00eb Mjedisit 2024 \u2013 2027\u201d\" \/><\/li><li data-link=\"https:\/\/sida.se\/en\" data-target=\"\" ><img loading=\"lazy\" decoding=\"async\" src=\"https:\/\/h2h-foundation.al\/wp-content\/uploads\/2025\/07\/sweden-logo-english-scaled-e1752572756120.png\" width=\"560\" height=\"312\" alt=\"Agjencia Nd\u00ebrkomb\u00ebtare Suedeze p\u00ebr Bashk\u00ebpunim dhe Zhvillim (SIDA)\"  title=\"Agjencia Nd\u00ebrkomb\u00ebtare Suedeze p\u00ebr Bashk\u00ebpunim dhe Zhvillim (SIDA)\" \/><\/li><li data-link=\"https:\/\/www.volint.it\/vis\/albania\" data-target=\"\" ><img loading=\"lazy\" decoding=\"async\" src=\"https:\/\/h2h-foundation.al\/wp-content\/uploads\/2025\/07\/Logo-Vis-Albania-e1752573746102.png\" width=\"560\" height=\"374\" alt=\"VIS Albania\"  title=\"VIS Albania\" \/><\/li><li data-link=\"https:\/\/www.cosv.org\/?lang=en\" data-target=\"\" ><img loading=\"lazy\" decoding=\"async\" src=\"https:\/\/h2h-foundation.al\/wp-content\/uploads\/2025\/07\/COSV-e1752573890732.png\" width=\"560\" height=\"230\" alt=\"COSV - Cooperazione per lo Sviluppo\"  title=\"COSV - Cooperazione per lo Sviluppo\" \/><\/li><li data-link=\"https:\/\/akm.gov.al\/\" data-target=\"\" ><img loading=\"lazy\" decoding=\"async\" src=\"https:\/\/h2h-foundation.al\/wp-content\/uploads\/2025\/07\/AKM-LOGO-PNG.png\" width=\"443\" height=\"599\" alt=\"Agjencia Kombetare e Mjedisit (AKM)\"  title=\"Agjencia Kombetare e Mjedisit (AKM)\" \/><\/li><li data-link=\"https:\/\/ambu.gov.al\/portal\/apps\/sites\/#\/ambu\" data-target=\"\" ><img loading=\"lazy\" decoding=\"async\" src=\"https:\/\/h2h-foundation.al\/wp-content\/uploads\/2025\/07\/Logo-AMBU1.png\" width=\"1134\" height=\"349\" alt=\"AGJENCIA E MENAXHIMIT T\u00cb BURIMEVE UJORE\"  title=\"AGJENCIA E MENAXHIMIT T\u00cb BURIMEVE UJORE\" \/><\/li><li data-link=\"https:\/\/aprtirana.al\/\" data-target=\"\" ><img loading=\"lazy\" decoding=\"async\" src=\"https:\/\/h2h-foundation.al\/wp-content\/uploads\/2025\/07\/Agjencia-e-Parqeve-dhe-Rekreacionit-scaled-e1752575890432.png\" width=\"560\" height=\"345\" alt=\"Agjencia e Parqeve dhe Rekreacionit Bashkia Tirane\"  title=\"Agjencia e Parqeve dhe Rekreacionit Bashkia Tirane\" \/><\/li><li data-link=\"https:\/\/www.ukt.al\/\" data-target=\"\" ><img loading=\"lazy\" decoding=\"async\" src=\"https:\/\/h2h-foundation.al\/wp-content\/uploads\/2025\/07\/UKT.png\" width=\"225\" height=\"225\" alt=\"Ujesjelles Kanalizime Tirane\"  title=\"Ujesjelles Kanalizime Tirane\" \/><\/li><li data-link=\"https:\/\/ost.al\/en\/\" data-target=\"\" ><img loading=\"lazy\" decoding=\"async\" src=\"https:\/\/h2h-foundation.al\/wp-content\/uploads\/2025\/07\/ost-logo-top.png\" width=\"295\" height=\"160\" alt=\"Operatori i Sistemit t\u00eb Transmetimit (OST)\"  title=\"Operatori i Sistemit t\u00eb Transmetimit (OST)\" \/><\/li><li data-link=\"https:\/\/oshee.al\/\" data-target=\"\" ><img loading=\"lazy\" decoding=\"async\" src=\"https:\/\/h2h-foundation.al\/wp-content\/uploads\/2025\/07\/OSHEE-logo_header_scroll.png\" width=\"778\" height=\"146\" alt=\"Operatori i Shp\u00ebrndarjes s\u00eb Energjis\u00eb Elektrike SH.A. (OSHEE)\"  title=\"Operatori i Shp\u00ebrndarjes s\u00eb Energjis\u00eb Elektrike SH.A. (OSHEE)\" \/><\/li><li data-link=\"https:\/\/erru.al\/\" data-target=\"\" ><img loading=\"lazy\" decoding=\"async\" src=\"https:\/\/h2h-foundation.al\/wp-content\/uploads\/2025\/07\/ERRU.png\" width=\"150\" height=\"150\" alt=\"Enti Rregullator i Sektorit t\u00eb Furnizimit me Uj\u00eb dhe Largimit e P\u00ebrpunimit t\u00eb Uj\u00ebrave t\u00eb Ndotura\"  title=\"Enti Rregullator i Sektorit t\u00eb Furnizimit me Uj\u00eb dhe Largimit e P\u00ebrpunimit t\u00eb Uj\u00ebrave t\u00eb Ndotura\" \/><\/li><li data-link=\"https:\/\/www.kesh.al\/\" data-target=\"\" ><img loading=\"lazy\" decoding=\"async\" src=\"https:\/\/h2h-foundation.al\/wp-content\/uploads\/2025\/07\/KESH-2.png\" width=\"547\" height=\"92\" alt=\"KORPORATA ELEKTROENERGJETIKE SHQIPTARE\"  title=\"KORPORATA ELEKTROENERGJETIKE SHQIPTARE\" \/><\/li><li data-link=\"https:\/\/prefektitirane.gov.al\/\" data-target=\"\" ><img loading=\"lazy\" decoding=\"async\" src=\"https:\/\/h2h-foundation.al\/wp-content\/uploads\/2025\/07\/Prefekti-Tirane-Logo-1.png\" width=\"330\" height=\"373\" alt=\"Prefektura Tirane\"  title=\"Prefektura Tirane\" \/><\/li><li data-link=\"https:\/\/www.northgreen.org\/\" data-target=\"\" ><img loading=\"lazy\" decoding=\"async\" src=\"https:\/\/h2h-foundation.al\/wp-content\/uploads\/2025\/07\/Logo-Final-Horizontal-Pa-sfond.png\" width=\"2550\" height=\"800\" alt=\"North Green Association\"  title=\"North Green Association\" \/><\/li><li data-link=\"https:\/\/www.scientact.com.gr\/en\/00000000\" data-target=\"\" ><img loading=\"lazy\" decoding=\"async\" src=\"https:\/\/h2h-foundation.al\/wp-content\/uploads\/2025\/07\/Scient-Act-logo.png\" width=\"527\" height=\"117\" alt=\"Scient Act SA\"  title=\"Scient Act SA\" \/><\/li><li data-link=\"https:\/\/www.sommer.at\/en\/\" data-target=\"\" ><img loading=\"lazy\" decoding=\"async\" src=\"https:\/\/h2h-foundation.al\/wp-content\/uploads\/2025\/07\/logo-sommer.png\" width=\"228\" height=\"103\" alt=\"Sommer Messtechnik\"  title=\"Sommer Messtechnik\" \/><\/li><li data-link=\"https:\/\/www.xylem.com\/en-us\/\" data-target=\"\" ><img loading=\"lazy\" decoding=\"async\" src=\"https:\/\/h2h-foundation.al\/wp-content\/uploads\/2025\/07\/xylem-logo.png\" width=\"311\" height=\"162\" alt=\"Xylem Let's Solve Water\"  title=\"Xylem Let's Solve Water\" \/><\/li><li data-link=\"https:\/\/akad.gov.al\/\" data-target=\"\" ><img loading=\"lazy\" decoding=\"async\" src=\"https:\/\/h2h-foundation.al\/wp-content\/uploads\/2025\/07\/Akademia-e-Shkencave-2.png\" width=\"490\" height=\"509\" alt=\"Akademia e Shkencave\"  title=\"Akademia e Shkencave\" \/><\/li><li data-link=\"https:\/\/upt.edu.al\/\" data-target=\"\" ><img loading=\"lazy\" decoding=\"async\" src=\"https:\/\/h2h-foundation.al\/wp-content\/uploads\/2025\/07\/UPT.png\" width=\"500\" height=\"500\" alt=\"Universiteti Politeknik i Tiran\u00ebs\"  title=\"Universiteti Politeknik i Tiran\u00ebs\" \/><\/li><\/ul><\/div><br style=\"clear:both;\">\n","protected":false},"excerpt":{"rendered":"","protected":false},"author":1,"featured_media":0,"parent":0,"menu_order":0,"comment_status":"closed","ping_status":"closed","template":"","meta":{"footnotes":""},"class_list":["post-354","page","type-page","status-publish","hentry"],"_links":{"self":[{"href":"https:\/\/h2h-foundation.al\/en\/wp-json\/wp\/v2\/pages\/354","targetHints":{"allow":["GET"]}}],"collection":[{"href":"https:\/\/h2h-foundation.al\/en\/wp-json\/wp\/v2\/pages"}],"about":[{"href":"https:\/\/h2h-foundation.al\/en\/wp-json\/wp\/v2\/types\/page"}],"author":[{"embeddable":true,"href":"https:\/\/h2h-foundation.al\/en\/wp-json\/wp\/v2\/users\/1"}],"replies":[{"embeddable":true,"href":"https:\/\/h2h-foundation.al\/en\/wp-json\/wp\/v2\/comments?post=354"}],"version-history":[{"count":0,"href":"https:\/\/h2h-foundation.al\/en\/wp-json\/wp\/v2\/pages\/354\/revisions"}],"wp:attachment":[{"href":"https:\/\/h2h-foundation.al\/en\/wp-json\/wp\/v2\/media?parent=354"}],"curies":[{"name":"wp","href":"https:\/\/api.w.org\/{rel}","templated":true}]}}