{"id":916,"date":"2024-12-27T09:36:24","date_gmt":"2024-12-27T09:36:24","guid":{"rendered":"https:\/\/h2h-foundation.al\/?page_id=916"},"modified":"2026-03-03T15:02:00","modified_gmt":"2026-03-03T15:02:00","slug":"multimedia","status":"publish","type":"page","link":"https:\/\/h2h-foundation.al\/en\/multimedia\/","title":{"rendered":"MULTIMEDIA"},"content":{"rendered":"\n<figure class=\"wp-block-embed is-type-video is-provider-youtube wp-block-embed-youtube wp-embed-aspect-16-9 wp-has-aspect-ratio\"><div class=\"wp-block-embed__wrapper\">\n<iframe loading=\"lazy\" title=\"Active Water: Monitorimi i Cil\u00ebsis\u00eb s\u00eb Ujit p\u00ebr Ujitje n\u00eb Skem\u00ebn Arban\u00eb\" width=\"1170\" height=\"658\" src=\"https:\/\/www.youtube.com\/embed\/W_YNYHGAi2k?feature=oembed\" frameborder=\"0\" allow=\"accelerometer; autoplay; clipboard-write; encrypted-media; gyroscope; picture-in-picture; web-share\" referrerpolicy=\"strict-origin-when-cross-origin\" allowfullscreen><\/iframe>\n<\/div><\/figure>\n","protected":false},"excerpt":{"rendered":"https:\/\/youtu.be\/W_YNYHGAi2k?si=Acjs-nRQdjJhNOuI","protected":false},"author":1,"featured_media":0,"parent":0,"menu_order":1,"comment_status":"closed","ping_status":"closed","template":"","meta":{"footnotes":""},"class_list":["post-916","page","type-page","status-publish","hentry"],"_links":{"self":[{"href":"https:\/\/h2h-foundation.al\/en\/wp-json\/wp\/v2\/pages\/916","targetHints":{"allow":["GET"]}}],"collection":[{"href":"https:\/\/h2h-foundation.al\/en\/wp-json\/wp\/v2\/pages"}],"about":[{"href":"https:\/\/h2h-foundation.al\/en\/wp-json\/wp\/v2\/types\/page"}],"author":[{"embeddable":true,"href":"https:\/\/h2h-foundation.al\/en\/wp-json\/wp\/v2\/users\/1"}],"replies":[{"embeddable":true,"href":"https:\/\/h2h-foundation.al\/en\/wp-json\/wp\/v2\/comments?post=916"}],"version-history":[{"count":5,"href":"https:\/\/h2h-foundation.al\/en\/wp-json\/wp\/v2\/pages\/916\/revisions"}],"predecessor-version":[{"id":1392,"href":"https:\/\/h2h-foundation.al\/en\/wp-json\/wp\/v2\/pages\/916\/revisions\/1392"}],"wp:attachment":[{"href":"https:\/\/h2h-foundation.al\/en\/wp-json\/wp\/v2\/media?parent=916"}],"curies":[{"name":"wp","href":"https:\/\/api.w.org\/{rel}","templated":true}]}}